{"id":2,"date":"2025-10-12T13:59:01","date_gmt":"2025-10-12T11:59:01","guid":{"rendered":"https:\/\/rutkastudio.com\/?page_id=2"},"modified":"2025-11-01T19:08:29","modified_gmt":"2025-11-01T18:08:29","slug":"przykladowa-strona","status":"publish","type":"page","link":"https:\/\/rutkastudio.com\/","title":{"rendered":"About"},"content":{"rendered":"\n<div style=\"height:122px\" aria-hidden=\"true\" class=\"wp-block-spacer\"><\/div>\n\n\n\n<div class=\"wp-block-columns is-layout-flex wp-container-core-columns-is-layout-28f84493 wp-block-columns-is-layout-flex\">\n<div class=\"wp-block-column is-layout-flow wp-container-core-column-is-layout-964819ab wp-block-column-is-layout-flow\" style=\"padding-top:0;padding-bottom:0;line-height:1.5\">\n<p class=\"has-text-align-left has-palette-color-4-color has-text-color has-link-color wp-elements-62bd485377675d37a13b9ed05189de79\" style=\"border-radius:0px;font-size:clamp(37.388px, 2.337rem + ((1vw - 3.2px) * 2.47), 69px);font-style:normal;font-weight:700;line-height:1.3\">Dodaj swojemu \u015bwiatu uroku z torebkami od serca.<\/p>\n\n\n\n<p style=\"border-radius:0px;font-size:clamp(15.747px, 0.984rem + ((1vw - 3.2px) * 0.645), 24px);\">Tworzone r\u0119cznie z niezwyk\u0142\u0105 staranno\u015bci\u0105 <br>i dba\u0142o\u015bci\u0105 o detale. Moje urocze produkty powstaj\u0105 <br>z pasji w niewielkich ilo\u015bciach i ucieszy\u0142y ju\u017c wiele klientek.<\/p>\n\n\n\n<div class=\"wp-block-buttons is-horizontal is-content-justification-left is-layout-flex wp-container-core-buttons-is-layout-e43b2217 wp-block-buttons-is-layout-flex\" style=\"margin-top:0;margin-bottom:0;padding-top:var(--wp--preset--spacing--70);padding-right:0;padding-bottom:var(--wp--preset--spacing--70);padding-left:0\">\n<div class=\"wp-block-button has-custom-width wp-block-button__width-25 is-style-fill\"><a class=\"wp-block-button__link has-medium-font-size has-custom-font-size wp-element-button\" href=\"https:\/\/rutkastudio.com\/?post_type=product\" style=\"padding-right:0;padding-left:0\">Sklep<\/a><\/div>\n\n\n\n<div class=\"wp-block-button has-custom-width wp-block-button__width-50 is-style-fill\"><a class=\"wp-block-button__link has-black-color has-palette-color-5-background-color has-text-color has-background has-link-color has-medium-font-size has-custom-font-size wp-element-button\" style=\"border-style:none;border-width:0px;padding-right:0;padding-left:0\">Wysy\u0142ka w 24 godziny<\/a><\/div>\n<\/div>\n<\/div>\n\n\n\n<div class=\"wp-block-column is-layout-flow wp-block-column-is-layout-flow\">\n<figure class=\"wp-block-gallery has-nested-images columns-default is-cropped wp-block-gallery-1 is-layout-flex wp-block-gallery-is-layout-flex\">\n<figure class=\"wp-block-image size-full has-custom-border is-style-default\" style=\"margin-top:0;margin-bottom:0\"><img fetchpriority=\"high\" decoding=\"async\" width=\"2560\" height=\"2560\" data-id=\"100\" src=\"https:\/\/rutkastudio.com\/wp-content\/uploads\/2025\/10\/IMG_20250929_134931-01-01-01-01-scaled.jpeg\" alt=\"\" class=\"wp-image-100\" style=\"border-radius:20px\" srcset=\"https:\/\/rutkastudio.com\/wp-content\/uploads\/2025\/10\/IMG_20250929_134931-01-01-01-01-scaled.jpeg 2560w, https:\/\/rutkastudio.com\/wp-content\/uploads\/2025\/10\/IMG_20250929_134931-01-01-01-01-300x300.jpeg 300w, https:\/\/rutkastudio.com\/wp-content\/uploads\/2025\/10\/IMG_20250929_134931-01-01-01-01-scaled-100x100.jpeg 100w, https:\/\/rutkastudio.com\/wp-content\/uploads\/2025\/10\/IMG_20250929_134931-01-01-01-01-scaled-1000x1000.jpeg 1000w, https:\/\/rutkastudio.com\/wp-content\/uploads\/2025\/10\/IMG_20250929_134931-01-01-01-01-1024x1024.jpeg 1024w, https:\/\/rutkastudio.com\/wp-content\/uploads\/2025\/10\/IMG_20250929_134931-01-01-01-01-150x150.jpeg 150w, https:\/\/rutkastudio.com\/wp-content\/uploads\/2025\/10\/IMG_20250929_134931-01-01-01-01-768x768.jpeg 768w, https:\/\/rutkastudio.com\/wp-content\/uploads\/2025\/10\/IMG_20250929_134931-01-01-01-01-1536x1536.jpeg 1536w, https:\/\/rutkastudio.com\/wp-content\/uploads\/2025\/10\/IMG_20250929_134931-01-01-01-01-2048x2048.jpeg 2048w\" sizes=\"(max-width: 2560px) 100vw, 2560px\" \/><\/figure>\n\n\n\n<figure class=\"wp-block-image size-full has-custom-border\"><img decoding=\"async\" width=\"2560\" height=\"2560\" data-id=\"85\" src=\"https:\/\/rutkastudio.com\/wp-content\/uploads\/2025\/10\/IMG_20251004_163646-01-scaled.jpeg\" alt=\"\" class=\"wp-image-85\" style=\"border-radius:20px\" srcset=\"https:\/\/rutkastudio.com\/wp-content\/uploads\/2025\/10\/IMG_20251004_163646-01-scaled.jpeg 2560w, https:\/\/rutkastudio.com\/wp-content\/uploads\/2025\/10\/IMG_20251004_163646-01-300x300.jpeg 300w, https:\/\/rutkastudio.com\/wp-content\/uploads\/2025\/10\/IMG_20251004_163646-01-scaled-100x100.jpeg 100w, https:\/\/rutkastudio.com\/wp-content\/uploads\/2025\/10\/IMG_20251004_163646-01-scaled-1000x1000.jpeg 1000w, https:\/\/rutkastudio.com\/wp-content\/uploads\/2025\/10\/IMG_20251004_163646-01-1024x1024.jpeg 1024w, https:\/\/rutkastudio.com\/wp-content\/uploads\/2025\/10\/IMG_20251004_163646-01-150x150.jpeg 150w, https:\/\/rutkastudio.com\/wp-content\/uploads\/2025\/10\/IMG_20251004_163646-01-768x768.jpeg 768w, https:\/\/rutkastudio.com\/wp-content\/uploads\/2025\/10\/IMG_20251004_163646-01-1536x1536.jpeg 1536w, https:\/\/rutkastudio.com\/wp-content\/uploads\/2025\/10\/IMG_20251004_163646-01-2048x2048.jpeg 2048w\" sizes=\"(max-width: 2560px) 100vw, 2560px\" \/><\/figure>\n<\/figure>\n\n\n\n<figure class=\"wp-block-gallery has-nested-images columns-default is-cropped wp-block-gallery-2 is-layout-flex wp-block-gallery-is-layout-flex\">\n<figure class=\"wp-block-image size-large has-custom-border\"><img decoding=\"async\" width=\"1024\" height=\"1024\" data-id=\"91\" src=\"https:\/\/rutkastudio.com\/wp-content\/uploads\/2025\/10\/IMG_20251004_163519-01-1024x1024.jpeg\" alt=\"\" class=\"wp-image-91\" style=\"border-radius:20px\" srcset=\"https:\/\/rutkastudio.com\/wp-content\/uploads\/2025\/10\/IMG_20251004_163519-01-1024x1024.jpeg 1024w, https:\/\/rutkastudio.com\/wp-content\/uploads\/2025\/10\/IMG_20251004_163519-01-300x300.jpeg 300w, https:\/\/rutkastudio.com\/wp-content\/uploads\/2025\/10\/IMG_20251004_163519-01-scaled-100x100.jpeg 100w, https:\/\/rutkastudio.com\/wp-content\/uploads\/2025\/10\/IMG_20251004_163519-01-scaled-1000x1000.jpeg 1000w, https:\/\/rutkastudio.com\/wp-content\/uploads\/2025\/10\/IMG_20251004_163519-01-150x150.jpeg 150w, https:\/\/rutkastudio.com\/wp-content\/uploads\/2025\/10\/IMG_20251004_163519-01-768x768.jpeg 768w, https:\/\/rutkastudio.com\/wp-content\/uploads\/2025\/10\/IMG_20251004_163519-01-1536x1536.jpeg 1536w, https:\/\/rutkastudio.com\/wp-content\/uploads\/2025\/10\/IMG_20251004_163519-01-2048x2048.jpeg 2048w\" sizes=\"(max-width: 1024px) 100vw, 1024px\" \/><\/figure>\n\n\n\n<figure class=\"wp-block-image size-full has-custom-border\"><img loading=\"lazy\" decoding=\"async\" width=\"2560\" height=\"2560\" data-id=\"96\" src=\"https:\/\/rutkastudio.com\/wp-content\/uploads\/2025\/10\/IMG_20250929_135518-01-01-01-01-scaled.jpeg\" alt=\"\" class=\"wp-image-96\" style=\"border-radius:20px\" srcset=\"https:\/\/rutkastudio.com\/wp-content\/uploads\/2025\/10\/IMG_20250929_135518-01-01-01-01-scaled.jpeg 2560w, https:\/\/rutkastudio.com\/wp-content\/uploads\/2025\/10\/IMG_20250929_135518-01-01-01-01-300x300.jpeg 300w, https:\/\/rutkastudio.com\/wp-content\/uploads\/2025\/10\/IMG_20250929_135518-01-01-01-01-scaled-100x100.jpeg 100w, https:\/\/rutkastudio.com\/wp-content\/uploads\/2025\/10\/IMG_20250929_135518-01-01-01-01-scaled-1000x1000.jpeg 1000w, https:\/\/rutkastudio.com\/wp-content\/uploads\/2025\/10\/IMG_20250929_135518-01-01-01-01-1024x1024.jpeg 1024w, https:\/\/rutkastudio.com\/wp-content\/uploads\/2025\/10\/IMG_20250929_135518-01-01-01-01-150x150.jpeg 150w, https:\/\/rutkastudio.com\/wp-content\/uploads\/2025\/10\/IMG_20250929_135518-01-01-01-01-768x768.jpeg 768w, https:\/\/rutkastudio.com\/wp-content\/uploads\/2025\/10\/IMG_20250929_135518-01-01-01-01-1536x1536.jpeg 1536w, https:\/\/rutkastudio.com\/wp-content\/uploads\/2025\/10\/IMG_20250929_135518-01-01-01-01-2048x2048.jpeg 2048w\" sizes=\"(max-width: 2560px) 100vw, 2560px\" \/><\/figure>\n<\/figure>\n<\/div>\n<\/div>\n\n\n\n<figure class=\"wp-block-gallery has-nested-images columns-default is-cropped wp-block-gallery-3 is-layout-flex wp-block-gallery-is-layout-flex\"><\/figure>\n\n\n\n\n\n<div style=\"height:185px\" aria-hidden=\"true\" class=\"wp-block-spacer\"><\/div>\n\n\n\n<div class=\"wp-block-columns is-layout-flex wp-container-core-columns-is-layout-28f84493 wp-block-columns-is-layout-flex\">\n<div class=\"wp-block-column is-layout-flow wp-container-core-column-is-layout-42aebfa7 wp-block-column-is-layout-flow\" style=\"padding-top:0;padding-right:0;padding-bottom:0;padding-left:0;line-height:1.5\">\n<p class=\"has-text-align-left has-palette-color-4-color has-text-color has-link-color has-xx-large-font-size wp-elements-852baab02dbed5f48f5f56065d35db35\" style=\"border-radius:0px;font-style:normal;font-weight:100;line-height:1.3\">About me<\/p>\n\n\n\n<p class=\"has-medium-font-size\">Hi, I\u2019m Kamila \u2014 the creator behind this little world of sweetness.<br>Each piece you see here is handmade with care, inspired by the things that make life softer, cuter, and a little bit magical.<\/p>\n\n\n\n<p class=\"has-medium-font-size\">I love combining cozy textures, pastel colors, and playful details to create accessories that bring joy to everyday moments. Whether it\u2019s <br>a cake-shaped bag, a frilly mouse pad, or a heart-shaped purse with <br>a bow \u2014 every item is made slowly, with love and attention to detail.<\/p>\n\n\n\n<p class=\"has-medium-font-size\">My goal is simple: to make you smile when you open your package and to remind you that even small things can make your world feel special.<\/p>\n\n\n\n<p class=\"has-medium-font-size\">Thank you for visiting my shop \u2014 I hope you find something here that speaks to your heart.<\/p>\n\n\n\n<div class=\"wp-block-buttons is-layout-flex wp-container-core-buttons-is-layout-45b20515 wp-block-buttons-is-layout-flex\">\n<div class=\"wp-block-button has-custom-width wp-block-button__width-25 is-style-fill\"><a class=\"wp-block-button__link has-medium-font-size has-custom-font-size wp-element-button\" href=\"https:\/\/rutkastudio.com\/?post_type=product\" style=\"padding-right:0;padding-left:0\">Shop<\/a><\/div>\n<\/div>\n<\/div>\n\n\n\n<div class=\"wp-block-column is-layout-flow wp-container-core-column-is-layout-42aebfa7 wp-block-column-is-layout-flow\" style=\"padding-top:0;padding-right:0;padding-bottom:0;padding-left:0;line-height:1.5;flex-basis:30px\">\n<p class=\"has-medium-font-size\"><\/p>\n<\/div>\n\n\n\n<div class=\"wp-block-column is-layout-flow wp-block-column-is-layout-flow\">\n<figure class=\"wp-block-gallery has-nested-images columns-default is-cropped wp-block-gallery-4 is-layout-flex wp-block-gallery-is-layout-flex\">\n<figure class=\"wp-block-image size-large has-custom-border\"><img loading=\"lazy\" decoding=\"async\" width=\"1920\" height=\"2560\" data-id=\"234\" src=\"https:\/\/rutkastudio.com\/wp-content\/uploads\/2025\/10\/IMG_20251004_163545-01-scaled-edited-2.jpeg\" alt=\"\" class=\"wp-image-234\" style=\"border-radius:20px\" srcset=\"https:\/\/rutkastudio.com\/wp-content\/uploads\/2025\/10\/IMG_20251004_163545-01-scaled-edited-2.jpeg 1920w, https:\/\/rutkastudio.com\/wp-content\/uploads\/2025\/10\/IMG_20251004_163545-01-scaled-edited-2-1000x1333.jpeg 1000w, https:\/\/rutkastudio.com\/wp-content\/uploads\/2025\/10\/IMG_20251004_163545-01-scaled-edited-2-225x300.jpeg 225w, https:\/\/rutkastudio.com\/wp-content\/uploads\/2025\/10\/IMG_20251004_163545-01-scaled-edited-2-768x1024.jpeg 768w, https:\/\/rutkastudio.com\/wp-content\/uploads\/2025\/10\/IMG_20251004_163545-01-scaled-edited-2-1152x1536.jpeg 1152w, https:\/\/rutkastudio.com\/wp-content\/uploads\/2025\/10\/IMG_20251004_163545-01-scaled-edited-2-1536x2048.jpeg 1536w\" sizes=\"(max-width: 1920px) 100vw, 1920px\" \/><\/figure>\n<\/figure>\n<\/div>\n<\/div>\n\n\n\n<p><\/p>\n","protected":false},"excerpt":{"rendered":"<p>Dodaj swojemu \u015bwiatu uroku z torebkami od serca. Tworzone r\u0119cznie z niezwyk\u0142\u0105 staranno\u015bci\u0105 i dba\u0142o\u015bci\u0105 o detale. Moje urocze produkty powstaj\u0105 z pasji w niewielkich ilo\u015bciach i ucieszy\u0142y ju\u017c wiele klientek. About me Hi, I\u2019m Kamila \u2014 the creator behind this little world of sweetness.Each piece you see here is handmade with care, inspired by [&hellip;]<\/p>\n","protected":false},"author":1,"featured_media":0,"parent":0,"menu_order":0,"comment_status":"closed","ping_status":"open","template":"","meta":{"footnotes":""},"class_list":["post-2","page","type-page","status-publish","hentry"],"blocksy_meta":[],"_links":{"self":[{"href":"https:\/\/rutkastudio.com\/index.php?rest_route=\/wp\/v2\/pages\/2","targetHints":{"allow":["GET"]}}],"collection":[{"href":"https:\/\/rutkastudio.com\/index.php?rest_route=\/wp\/v2\/pages"}],"about":[{"href":"https:\/\/rutkastudio.com\/index.php?rest_route=\/wp\/v2\/types\/page"}],"author":[{"embeddable":true,"href":"https:\/\/rutkastudio.com\/index.php?rest_route=\/wp\/v2\/users\/1"}],"replies":[{"embeddable":true,"href":"https:\/\/rutkastudio.com\/index.php?rest_route=%2Fwp%2Fv2%2Fcomments&post=2"}],"version-history":[{"count":24,"href":"https:\/\/rutkastudio.com\/index.php?rest_route=\/wp\/v2\/pages\/2\/revisions"}],"predecessor-version":[{"id":343,"href":"https:\/\/rutkastudio.com\/index.php?rest_route=\/wp\/v2\/pages\/2\/revisions\/343"}],"wp:attachment":[{"href":"https:\/\/rutkastudio.com\/index.php?rest_route=%2Fwp%2Fv2%2Fmedia&parent=2"}],"curies":[{"name":"wp","href":"https:\/\/api.w.org\/{rel}","templated":true}]}}